{"id":140,"date":"2016-11-26T17:26:28","date_gmt":"2016-11-26T16:26:28","guid":{"rendered":"http:\/\/www.elpuenterojo.es\/?page_id=140"},"modified":"2020-09-25T08:25:13","modified_gmt":"2020-09-25T06:25:13","slug":"festivales","status":"publish","type":"page","link":"https:\/\/www.elpuenterojo.es\/index.php\/festivales\/","title":{"rendered":"festivales"},"content":{"rendered":"<p>Prestamos atenci\u00f3n preferente al proceso de selecci\u00f3n de films y reconocimientos que obtienen las pel\u00edculas de estreno en festivales nacionales e internacionales.<\/p>\n<h2 style=\"text-align: center;\">Calendario de festivales:<\/h2>\n<p style=\"text-align: center;\"><a href=\"http:\/\/www.culturaydeporte.gob.es\/cultura\/areas\/cine\/promocion\/festivales-cinematograficos.html\" target=\"_blank\" rel=\"noopener noreferrer\"><img loading=\"lazy\" decoding=\"async\" class=\"alignnone\" src=\"https:\/\/upload.wikimedia.org\/wikipedia\/commons\/thumb\/f\/f6\/Logotipo_del_Ministerio_de_Cultura_y_Deporte.svg\/1280px-Logotipo_del_Ministerio_de_Cultura_y_Deporte.svg.png\" alt=\"Archivo:Logotipo del Ministerio de Cultura y Deporte.svg - Wikipedia, la  enciclopedia libre\" width=\"231\" height=\"75\" \/><\/a><\/p>\n<p><a href=\"http:\/\/www.culturaydeporte.gob.es\/cultura\/areas\/cine\/promocion\/festivales-cinematograficos.html\" target=\"_blank\" rel=\"noopener noreferrer\">Festivales internacionales<\/a><\/p>\n<p><a href=\"http:\/\/www.mecd.gob.es\/cultura-mecd\/areas-cultura\/cine\/promocion\/festivales-cinematograficos\/nacionales.html\" target=\"_blank\" rel=\"noopener noreferrer\">Festivales nacionales<\/a><\/p>\n<p><a href=\"http:\/\/www.mecd.gob.es\/cultura-mecd\/areas-cultura\/cine\/promocion\/festivales-cinematograficos\/muestras.html\" target=\"_blank\" rel=\"noopener noreferrer\">Muestras de cine espa\u00f1ol<\/a><\/p>\n<p><a href=\"http:\/\/www.mecd.gob.es\/cultura-mecd\/areas-cultura\/cine\/promocion\/festivales-cinematograficos\/peliculas-espanolas-festivales.html\" target=\"_blank\" rel=\"noopener noreferrer\">Pel\u00edculas espa\u00f1olas en festivales<\/a><\/p>\n<h2 style=\"text-align: center;\"><strong>Festivales en streaming:<\/strong><\/h2>\n<p style=\"text-align: left;\"><a href=\"https:\/\/www.festivalscope.com\/\" target=\"_blank\" rel=\"noopener noreferrer\">Festival Scope<\/a><\/p>\n<p style=\"text-align: left;\"><a href=\"https:\/\/pro.festivalscope.com\/\" target=\"_blank\" rel=\"noopener noreferrer\">Festival Scope Pro<\/a><\/p>\n","protected":false},"excerpt":{"rendered":"<p>Prestamos atenci\u00f3n preferente al proceso de selecci\u00f3n de films y reconocimientos que obtienen las pel\u00edculas de estreno en festivales nacionales e internacionales. Calendario de festivales: Festivales internacionales Festivales nacionales Muestras de cine espa\u00f1ol Pel\u00edculas espa\u00f1olas en festivales Festivales en streaming: Festival Scope Festival Scope Pro<\/p>\n","protected":false},"author":2,"featured_media":0,"parent":0,"menu_order":0,"comment_status":"closed","ping_status":"closed","template":"","meta":{"footnotes":""},"class_list":["post-140","page","type-page","status-publish","hentry"],"_links":{"self":[{"href":"https:\/\/www.elpuenterojo.es\/index.php\/wp-json\/wp\/v2\/pages\/140","targetHints":{"allow":["GET"]}}],"collection":[{"href":"https:\/\/www.elpuenterojo.es\/index.php\/wp-json\/wp\/v2\/pages"}],"about":[{"href":"https:\/\/www.elpuenterojo.es\/index.php\/wp-json\/wp\/v2\/types\/page"}],"author":[{"embeddable":true,"href":"https:\/\/www.elpuenterojo.es\/index.php\/wp-json\/wp\/v2\/users\/2"}],"replies":[{"embeddable":true,"href":"https:\/\/www.elpuenterojo.es\/index.php\/wp-json\/wp\/v2\/comments?post=140"}],"version-history":[{"count":26,"href":"https:\/\/www.elpuenterojo.es\/index.php\/wp-json\/wp\/v2\/pages\/140\/revisions"}],"predecessor-version":[{"id":2016,"href":"https:\/\/www.elpuenterojo.es\/index.php\/wp-json\/wp\/v2\/pages\/140\/revisions\/2016"}],"wp:attachment":[{"href":"https:\/\/www.elpuenterojo.es\/index.php\/wp-json\/wp\/v2\/media?parent=140"}],"curies":[{"name":"wp","href":"https:\/\/api.w.org\/{rel}","templated":true}]}}